{"id":131,"date":"2024-11-18T10:17:11","date_gmt":"2024-11-18T09:17:11","guid":{"rendered":"https:\/\/bieraktuell.com\/?page_id=131"},"modified":"2024-11-18T10:28:16","modified_gmt":"2024-11-18T09:28:16","slug":"impressum","status":"publish","type":"page","link":"https:\/\/bieraktuell.com\/?page_id=131","title":{"rendered":"Impressum"},"content":{"rendered":"\n<p>Adresse:<\/p>\n\n\n\n<p>Rick &amp; J\u00fclich GmbH <br>Vogelsanger Stra\u00dfe 280 <br>D-50825 K\u00f6ln-Ehrenfeld<br><br>Kontaktdaten: <br>Telefon: 0221-95 44 05-0<br>Telefax:  0221-95 44 05-82<br><\/p>\n\n\n\n<p>Gesch\u00e4ftsf\u00fchrer:<br>Sandra Fischer<br>Alexander Rick<br>Michael J\u00fclich<\/p>\n\n\n\n<p>UST-Id-Nr.   DE 122 80 39 25<br>Steuer-Nr.     217 \/ 5777 \/ 0169<\/p>\n\n\n\n<p>Wir \u00fcbernehmen keine Gew\u00e4hrleistung oder Garantie f\u00fcr Inhalte oder<br>Sch\u00e4den die durch die Benutzung von externen Links auf unserer Site entstehen.<\/p>\n","protected":false},"excerpt":{"rendered":"<p>Adresse: Rick &amp; J\u00fclich GmbH Vogelsanger Stra\u00dfe 280 D-50825 K\u00f6ln-Ehrenfeld Kontaktdaten: Telefon: 0221-95 44 05-0Telefax: 0221-95 44 05-82 Gesch\u00e4ftsf\u00fchrer:Sandra FischerAlexander RickMichael J\u00fclich UST-Id-Nr. DE 122 80 39 25Steuer-Nr. 217 \/ 5777 \/ 0169 Wir \u00fcbernehmen keine Gew\u00e4hrleistung oder Garantie f\u00fcr Inhalte oderSch\u00e4den die durch die Benutzung von externen Links auf unserer Site entstehen.<\/p>\n","protected":false},"author":1,"featured_media":0,"parent":0,"menu_order":0,"comment_status":"closed","ping_status":"closed","template":"","meta":{"footnotes":""},"class_list":["post-131","page","type-page","status-publish","hentry"],"_links":{"self":[{"href":"https:\/\/bieraktuell.com\/index.php?rest_route=\/wp\/v2\/pages\/131","targetHints":{"allow":["GET"]}}],"collection":[{"href":"https:\/\/bieraktuell.com\/index.php?rest_route=\/wp\/v2\/pages"}],"about":[{"href":"https:\/\/bieraktuell.com\/index.php?rest_route=\/wp\/v2\/types\/page"}],"author":[{"embeddable":true,"href":"https:\/\/bieraktuell.com\/index.php?rest_route=\/wp\/v2\/users\/1"}],"replies":[{"embeddable":true,"href":"https:\/\/bieraktuell.com\/index.php?rest_route=%2Fwp%2Fv2%2Fcomments&post=131"}],"version-history":[{"count":2,"href":"https:\/\/bieraktuell.com\/index.php?rest_route=\/wp\/v2\/pages\/131\/revisions"}],"predecessor-version":[{"id":134,"href":"https:\/\/bieraktuell.com\/index.php?rest_route=\/wp\/v2\/pages\/131\/revisions\/134"}],"wp:attachment":[{"href":"https:\/\/bieraktuell.com\/index.php?rest_route=%2Fwp%2Fv2%2Fmedia&parent=131"}],"curies":[{"name":"wp","href":"https:\/\/api.w.org\/{rel}","templated":true}]}}